{"id":65,"date":"2026-03-18T21:21:57","date_gmt":"2026-03-18T20:21:57","guid":{"rendered":"https:\/\/lepsiamysla.sk\/?page_id=65"},"modified":"2026-03-24T20:48:47","modified_gmt":"2026-03-24T19:48:47","slug":"kontakt","status":"publish","type":"page","link":"https:\/\/myslarozumne.sk\/?page_id=65","title":{"rendered":"Kontakt"},"content":{"rendered":"\n<h2 class=\"wp-block-heading\"><mark style=\"background-color:rgba(0, 0, 0, 0)\" class=\"has-inline-color has-medium-orange-color\"><strong>Ing. Mat\u00fa\u0161 Luk\u00e1\u010d<\/strong><\/mark><\/h2>\n\n\n\n<p>E-mail: <a href=\"mailto:lukacmatus.sk@gmail.com\">lukacmatus.sk@gmail.com<\/a><\/p>\n\n\n\n<p>FB: <a href=\"https:\/\/www.facebook.com\/NiznaMyslaRozumne\" data-type=\"link\" data-id=\"https:\/\/www.facebook.com\/NiznaMyslaRozumne\" target=\"_blank\" rel=\"noreferrer noopener\">NiznaMyslaRozumne<\/a><\/p>\n\n\n\n<p><\/p>\n\n\n\n<p><\/p>\n\n\n\n<p><\/p>\n","protected":false},"excerpt":{"rendered":"<p>Ing. Mat\u00fa\u0161 Luk\u00e1\u010d E-mail: lukacmatus.sk@gmail.com FB: NiznaMyslaRozumne<\/p>\n","protected":false},"author":1,"featured_media":0,"parent":0,"menu_order":7,"comment_status":"closed","ping_status":"closed","template":"","meta":{"footnotes":""},"class_list":["post-65","page","type-page","status-publish","hentry"],"_links":{"self":[{"href":"https:\/\/myslarozumne.sk\/index.php?rest_route=\/wp\/v2\/pages\/65","targetHints":{"allow":["GET"]}}],"collection":[{"href":"https:\/\/myslarozumne.sk\/index.php?rest_route=\/wp\/v2\/pages"}],"about":[{"href":"https:\/\/myslarozumne.sk\/index.php?rest_route=\/wp\/v2\/types\/page"}],"author":[{"embeddable":true,"href":"https:\/\/myslarozumne.sk\/index.php?rest_route=\/wp\/v2\/users\/1"}],"replies":[{"embeddable":true,"href":"https:\/\/myslarozumne.sk\/index.php?rest_route=%2Fwp%2Fv2%2Fcomments&post=65"}],"version-history":[{"count":11,"href":"https:\/\/myslarozumne.sk\/index.php?rest_route=\/wp\/v2\/pages\/65\/revisions"}],"predecessor-version":[{"id":152,"href":"https:\/\/myslarozumne.sk\/index.php?rest_route=\/wp\/v2\/pages\/65\/revisions\/152"}],"wp:attachment":[{"href":"https:\/\/myslarozumne.sk\/index.php?rest_route=%2Fwp%2Fv2%2Fmedia&parent=65"}],"curies":[{"name":"wp","href":"https:\/\/api.w.org\/{rel}","templated":true}]}}