{"id":63,"date":"2026-03-18T21:21:12","date_gmt":"2026-03-18T20:21:12","guid":{"rendered":"https:\/\/lepsiamysla.sk\/?page_id=63"},"modified":"2026-03-18T21:27:13","modified_gmt":"2026-03-18T20:27:13","slug":"podporte-ma","status":"publish","type":"page","link":"https:\/\/myslarozumne.sk\/?page_id=63","title":{"rendered":"Podporte ma"},"content":{"rendered":"\n<p>Obec je o\u00a0\u013eu\u010foch a\u00a0bez nich to nejde. Preto sa na V\u00e1s obraciam s\u00a0prosbou, \u017ee aj Vy ma m\u00f4\u017eete podpori\u0165. Ver\u00edm, \u017ee namiesto kritiky mi prispejete dobrou radou.<\/p>\n","protected":false},"excerpt":{"rendered":"<p>Obec je o\u00a0\u013eu\u010foch a\u00a0bez nich to nejde. Preto sa na V\u00e1s obraciam s\u00a0prosbou, \u017ee aj Vy ma m\u00f4\u017eete podpori\u0165. Ver\u00edm, \u017ee namiesto kritiky mi prispejete dobrou radou.<\/p>\n","protected":false},"author":1,"featured_media":0,"parent":0,"menu_order":6,"comment_status":"closed","ping_status":"closed","template":"","meta":{"footnotes":""},"class_list":["post-63","page","type-page","status-publish","hentry"],"_links":{"self":[{"href":"https:\/\/myslarozumne.sk\/index.php?rest_route=\/wp\/v2\/pages\/63","targetHints":{"allow":["GET"]}}],"collection":[{"href":"https:\/\/myslarozumne.sk\/index.php?rest_route=\/wp\/v2\/pages"}],"about":[{"href":"https:\/\/myslarozumne.sk\/index.php?rest_route=\/wp\/v2\/types\/page"}],"author":[{"embeddable":true,"href":"https:\/\/myslarozumne.sk\/index.php?rest_route=\/wp\/v2\/users\/1"}],"replies":[{"embeddable":true,"href":"https:\/\/myslarozumne.sk\/index.php?rest_route=%2Fwp%2Fv2%2Fcomments&post=63"}],"version-history":[{"count":2,"href":"https:\/\/myslarozumne.sk\/index.php?rest_route=\/wp\/v2\/pages\/63\/revisions"}],"predecessor-version":[{"id":71,"href":"https:\/\/myslarozumne.sk\/index.php?rest_route=\/wp\/v2\/pages\/63\/revisions\/71"}],"wp:attachment":[{"href":"https:\/\/myslarozumne.sk\/index.php?rest_route=%2Fwp%2Fv2%2Fmedia&parent=63"}],"curies":[{"name":"wp","href":"https:\/\/api.w.org\/{rel}","templated":true}]}}