{"id":42,"date":"2026-03-18T21:08:29","date_gmt":"2026-03-18T20:08:29","guid":{"rendered":"https:\/\/lepsiamysla.sk\/?page_id=42"},"modified":"2026-03-31T06:10:09","modified_gmt":"2026-03-31T04:10:09","slug":"dva-2","status":"publish","type":"page","link":"https:\/\/myslarozumne.sk\/?page_id=42","title":{"rendered":"Program"},"content":{"rendered":"\n<p>Predstavujem V\u00e1m tri piliere, ktor\u00fdm sa chcem venova\u0165 a na ktor\u00fdch chcem stava\u0165 \u010fal\u0161\u00ed rozvoj na\u0161ej obce. Tieto oblasti pova\u017eujem za k\u013e\u00fa\u010dov\u00e9 pre zlep\u0161enie kvality \u017eivota n\u00e1s v\u0161etk\u00fdch. Jednotliv\u00e9 piliere budem postupne rozv\u00edja\u0165 a dop\u013a\u0148a\u0165 aj na z\u00e1klade podnetov a potrieb obyvate\u013eov.<\/p>\n\n\n\n<p><strong>Rozvoj obce<\/strong><\/p>\n\n\n\n<p><strong>\u0160port a kult\u00fara<\/strong><\/p>\n\n\n\n<p><strong>R\u00f3mska komunita<\/strong><\/p>\n\n\n\n<p><\/p>\n","protected":false},"excerpt":{"rendered":"<p>Predstavujem V\u00e1m tri piliere, ktor\u00fdm sa chcem venova\u0165 a na ktor\u00fdch chcem stava\u0165 \u010fal\u0161\u00ed rozvoj na\u0161ej obce. Tieto oblasti pova\u017eujem za k\u013e\u00fa\u010dov\u00e9 pre zlep\u0161enie kvality \u017eivota n\u00e1s v\u0161etk\u00fdch. Jednotliv\u00e9 piliere budem postupne rozv\u00edja\u0165 a dop\u013a\u0148a\u0165 aj na z\u00e1klade podnetov a potrieb obyvate\u013eov. Rozvoj obce \u0160port a kult\u00fara R\u00f3mska komunita<\/p>\n","protected":false},"author":1,"featured_media":0,"parent":0,"menu_order":3,"comment_status":"closed","ping_status":"closed","template":"","meta":{"footnotes":""},"class_list":["post-42","page","type-page","status-publish","hentry"],"_links":{"self":[{"href":"https:\/\/myslarozumne.sk\/index.php?rest_route=\/wp\/v2\/pages\/42","targetHints":{"allow":["GET"]}}],"collection":[{"href":"https:\/\/myslarozumne.sk\/index.php?rest_route=\/wp\/v2\/pages"}],"about":[{"href":"https:\/\/myslarozumne.sk\/index.php?rest_route=\/wp\/v2\/types\/page"}],"author":[{"embeddable":true,"href":"https:\/\/myslarozumne.sk\/index.php?rest_route=\/wp\/v2\/users\/1"}],"replies":[{"embeddable":true,"href":"https:\/\/myslarozumne.sk\/index.php?rest_route=%2Fwp%2Fv2%2Fcomments&post=42"}],"version-history":[{"count":8,"href":"https:\/\/myslarozumne.sk\/index.php?rest_route=\/wp\/v2\/pages\/42\/revisions"}],"predecessor-version":[{"id":184,"href":"https:\/\/myslarozumne.sk\/index.php?rest_route=\/wp\/v2\/pages\/42\/revisions\/184"}],"wp:attachment":[{"href":"https:\/\/myslarozumne.sk\/index.php?rest_route=%2Fwp%2Fv2%2Fmedia&parent=42"}],"curies":[{"name":"wp","href":"https:\/\/api.w.org\/{rel}","templated":true}]}}