{"id":41,"date":"2026-03-18T21:08:29","date_gmt":"2026-03-18T20:08:29","guid":{"rendered":"https:\/\/lepsiamysla.sk\/?page_id=41"},"modified":"2026-03-31T06:10:24","modified_gmt":"2026-03-31T04:10:24","slug":"dva","status":"publish","type":"page","link":"https:\/\/myslarozumne.sk\/?page_id=41","title":{"rendered":"V\u00edzia"},"content":{"rendered":"\n<p>Aj napriek tomu \u017ee som optimista viem, \u017ee niektor\u00e9 projekty a&nbsp;ich realiz\u00e1cia bud\u00fa trva\u0165 aj nieko\u013eko rokov. Preto by som V\u00e1m r\u00e1d predstavil aj v\u00edziu z&nbsp;dlhodob\u00e9ho h\u013eadiska.<\/p>\n\n\n\n<p><strong>Pozemkov\u00e1 reforma<\/strong><\/p>\n\n\n\n<p><strong>Budova kl\u00e1\u0161tora<\/strong><\/p>\n","protected":false},"excerpt":{"rendered":"<p>Aj napriek tomu \u017ee som optimista viem, \u017ee niektor\u00e9 projekty a&nbsp;ich realiz\u00e1cia bud\u00fa trva\u0165 aj nieko\u013eko rokov. Preto by som V\u00e1m r\u00e1d predstavil aj v\u00edziu z&nbsp;dlhodob\u00e9ho h\u013eadiska. Pozemkov\u00e1 reforma Budova kl\u00e1\u0161tora<\/p>\n","protected":false},"author":1,"featured_media":0,"parent":0,"menu_order":4,"comment_status":"closed","ping_status":"closed","template":"","meta":{"footnotes":""},"class_list":["post-41","page","type-page","status-publish","hentry"],"_links":{"self":[{"href":"https:\/\/myslarozumne.sk\/index.php?rest_route=\/wp\/v2\/pages\/41","targetHints":{"allow":["GET"]}}],"collection":[{"href":"https:\/\/myslarozumne.sk\/index.php?rest_route=\/wp\/v2\/pages"}],"about":[{"href":"https:\/\/myslarozumne.sk\/index.php?rest_route=\/wp\/v2\/types\/page"}],"author":[{"embeddable":true,"href":"https:\/\/myslarozumne.sk\/index.php?rest_route=\/wp\/v2\/users\/1"}],"replies":[{"embeddable":true,"href":"https:\/\/myslarozumne.sk\/index.php?rest_route=%2Fwp%2Fv2%2Fcomments&post=41"}],"version-history":[{"count":5,"href":"https:\/\/myslarozumne.sk\/index.php?rest_route=\/wp\/v2\/pages\/41\/revisions"}],"predecessor-version":[{"id":185,"href":"https:\/\/myslarozumne.sk\/index.php?rest_route=\/wp\/v2\/pages\/41\/revisions\/185"}],"wp:attachment":[{"href":"https:\/\/myslarozumne.sk\/index.php?rest_route=%2Fwp%2Fv2%2Fmedia&parent=41"}],"curies":[{"name":"wp","href":"https:\/\/api.w.org\/{rel}","templated":true}]}}