{"id":40,"date":"2026-03-18T21:08:29","date_gmt":"2026-03-18T20:08:29","guid":{"rendered":"https:\/\/lepsiamysla.sk\/?page_id=40"},"modified":"2026-03-29T07:34:46","modified_gmt":"2026-03-29T05:34:46","slug":"test","status":"publish","type":"page","link":"https:\/\/myslarozumne.sk\/?page_id=40","title":{"rendered":"Nie\u010do o mne"},"content":{"rendered":"\n<p>Pova\u017eujem sa za pracovit\u00e9ho \u010dloveka, ktor\u00fd je ochotn\u00fd pom\u00f4c\u0165, ke\u010f to niekto potrebuje. Ver\u00edm, \u017ee poctivou pr\u00e1cou a snahou sa d\u00e1 v \u017eivote posun\u00fa\u0165 dopredu.<br>Aj dnes je ve\u013ea pr\u00edle\u017eitost\u00ed \u2013 treba ich len vedie\u0165 vyu\u017ei\u0165.<\/p>\n\n\n<p>Patr\u00edm medzi t\u00fdch \u0161\u0165astnej\u0161\u00edch, ktor\u00ed mohli za\u010da\u0165 svoje \u0161t\u00fadium priamo v na\u0161ej obci. N\u00e1sledne som pokra\u010doval v \u017ddani, kde som absolvoval druh\u00fd stupe\u0148 z\u00e1kladnej \u0161koly aj v\u010faka v\u00fdborn\u00fdm u\u010dite\u013eom.\u00a0Moje \u010fal\u0161ie kroky viedli na Obchodn\u00fa akad\u00e9miu, kde som z\u00edskal z\u00e1klady fungovania firmy a orient\u00e1ciu vo financi\u00e1ch.<\/p>\n<p>Na tieto sk\u00fasenosti som nadviazal aj na vysokej \u0161kole, kde som ich doplnil o oblas\u0165 IT technol\u00f3gi\u00ed. Na Fakulte elektrotechniky a informatiky som \u00faspe\u0161ne ukon\u010dil \u0161t\u00fadium v odbore Hospod\u00e1rska informatika.<\/p>\n\n\n<div class=\"wp-block-media-text is-stacked-on-mobile\" style=\"grid-template-columns:47% auto\"><figure class=\"wp-block-media-text__media\"><img loading=\"lazy\" decoding=\"async\" width=\"1024\" height=\"957\" src=\"https:\/\/myslarozumne.sk\/wp-content\/uploads\/2026\/03\/1761886858420-1-1024x957.jpg\" alt=\"\" class=\"wp-image-162 size-full\" srcset=\"https:\/\/myslarozumne.sk\/wp-content\/uploads\/2026\/03\/1761886858420-1-1024x957.jpg 1024w, https:\/\/myslarozumne.sk\/wp-content\/uploads\/2026\/03\/1761886858420-1-300x280.jpg 300w, https:\/\/myslarozumne.sk\/wp-content\/uploads\/2026\/03\/1761886858420-1-768x718.jpg 768w, https:\/\/myslarozumne.sk\/wp-content\/uploads\/2026\/03\/1761886858420-1-1536x1436.jpg 1536w, https:\/\/myslarozumne.sk\/wp-content\/uploads\/2026\/03\/1761886858420-1.jpg 1643w\" sizes=\"auto, (max-width: 1024px) 100vw, 1024px\" \/><\/figure><div class=\"wp-block-media-text__content\">\n<p>Svoje pracovn\u00e9 sk\u00fasenosti som za\u010dal budova\u0165 koncom roka 2012 v spolo\u010dnosti T-Systems Slovensko (dnes DT SYSO), kde p\u00f4sob\u00edm dodnes.<\/p>\n\n\n\n<p>Za\u010d\u00ednal som na technickej poz\u00edcii, kde som sa venoval pr\u00edprave serverov pre z\u00e1kazn\u00edkov. U\u017e po dvoch rokoch som dostal pr\u00edle\u017eitos\u0165 sta\u0165 sa z\u00e1stupcom ved\u00faceho t\u00edmu a od roku 2018 vediem vlastn\u00fd t\u00edm.<\/p>\n<\/div><\/div>\n\n\n\n<p>Zodpoved\u00e1m za person\u00e1lnu aj technick\u00fa agendu t\u00edmu pribli\u017ene 34 \u013eud\u00ed, ktor\u00ed zabezpe\u010duj\u00fa slu\u017eby pre stovky z\u00e1kazn\u00edkov. Moja pr\u00e1ca nie je len o ka\u017edodennej operat\u00edve, ale aj o zlep\u0161ovan\u00ed procesov, automatiz\u00e1cii a spolupr\u00e1ci na glob\u00e1lnych projektoch.<\/p>\n\n\n\n<div class=\"wp-block-group\"><div class=\"wp-block-group__inner-container is-layout-constrained wp-block-group-is-layout-constrained\">\n<div class=\"wp-block-media-text has-media-on-the-right is-stacked-on-mobile\"><div class=\"wp-block-media-text__content\">\n<p>Ako poslanec obecn\u00e9ho zastupite\u013estva v rokoch 2010 \u2013 2021 som mal mo\u017enos\u0165 vidie\u0165 fungovanie samospr\u00e1vy z prvej ruky.<\/p>\n\n\n\n<p>Venoval som sa najm\u00e4 \u0161portov\u00fdm a kult\u00farnym aktivit\u00e1m, men\u0161\u00edm projektom a dobrovo\u013en\u00edckym iniciat\u00edvam. Z\u00e1rove\u0148 som sa podie\u013eal na spr\u00e1ve obecnej webovej str\u00e1nky a komunik\u00e1cii na soci\u00e1lnych sie\u0165ach.<\/p>\n\n\n\n<p>Podie\u013eal som sa na h\u013eadan\u00ed rie\u0161en\u00ed a rozhodnutiach, ktor\u00e9 ovplyv\u0148uj\u00fa ka\u017edodenn\u00fd \u017eivot v obci. T\u00e1to sk\u00fasenos\u0165 je pre m\u0148a d\u00f4le\u017eit\u00fdm z\u00e1kladom pre \u010fal\u0161iu pr\u00e1cu pre na\u0161u obec.<\/p>\n<\/div><figure class=\"wp-block-media-text__media\"><img loading=\"lazy\" decoding=\"async\" width=\"768\" height=\"1024\" src=\"https:\/\/myslarozumne.sk\/wp-content\/uploads\/2026\/03\/2014_20140922_1432059829.jpg\" alt=\"\" class=\"wp-image-171 size-full\" srcset=\"https:\/\/myslarozumne.sk\/wp-content\/uploads\/2026\/03\/2014_20140922_1432059829.jpg 768w, https:\/\/myslarozumne.sk\/wp-content\/uploads\/2026\/03\/2014_20140922_1432059829-225x300.jpg 225w\" sizes=\"auto, (max-width: 768px) 100vw, 768px\" \/><\/figure><\/div>\n<\/div><\/div>\n\n\n\n<p><\/p>\n\n\n\n<p><strong>Pre\u010do vlastne kandidujem?<\/strong> Kandidujem preto, lebo mi z\u00e1le\u017e\u00ed na na\u0161ej obci a na tom, ako sa tu \u017eije. Pred nieko\u013ek\u00fdmi rokmi som aj ja rie\u0161il b\u00fdvanie pre svoju rodinu a Ni\u017en\u00e1 My\u0161\u013ea bola pre m\u0148a prirodzenou vo\u013ebou. Uvedomil som si, \u017ee nie v\u0161etky podmienky s\u00fa ide\u00e1lne, ale pr\u00e1ve to bol pre m\u0148a impulz, \u017ee veci sa daj\u00fa a maj\u00fa zlep\u0161ova\u0165.<\/p>\n\n\n\n<p>Chcem sa venova\u0165 t\u00e9mam, ktor\u00e9 sa dlhodobo nerie\u0161ia, a h\u013eada\u0165 praktick\u00e9 rie\u0161enia, ktor\u00e9 bud\u00fa fungova\u0165. Ver\u00edm, \u017ee obec sa d\u00e1 pos\u00fava\u0165 dopredu len vtedy, ke\u010f sa probl\u00e9my rie\u0161ia otvorene a zodpovedne.<\/p>\n\n\n\n<p class=\"has-text-align-center\"><strong>Moj\u00edm cie\u013eom je, aby sa v na\u0161ej obci \u017eilo lep\u0161ie \u2013 pre v\u0161etk\u00fdch.<\/strong><\/p>\n\n\n\n<p><\/p>\n","protected":false},"excerpt":{"rendered":"<p>Pova\u017eujem sa za pracovit\u00e9ho \u010dloveka, ktor\u00fd je ochotn\u00fd pom\u00f4c\u0165, ke\u010f to niekto potrebuje. Ver\u00edm, \u017ee poctivou pr\u00e1cou a snahou sa d\u00e1 v \u017eivote posun\u00fa\u0165 dopredu.Aj dnes je ve\u013ea pr\u00edle\u017eitost\u00ed \u2013 treba ich len vedie\u0165 vyu\u017ei\u0165. Patr\u00edm medzi t\u00fdch \u0161\u0165astnej\u0161\u00edch, ktor\u00ed mohli za\u010da\u0165 svoje \u0161t\u00fadium priamo v na\u0161ej obci. N\u00e1sledne som pokra\u010doval v \u017ddani, kde som &hellip; <a href=\"https:\/\/myslarozumne.sk\/?page_id=40\" class=\"more-link\">Pokra\u010dova\u0165 na <span class=\"screen-reader-text\">Nie\u010do o mne<\/span> <span class=\"meta-nav\">&rarr;<\/span><\/a><\/p>\n","protected":false},"author":1,"featured_media":0,"parent":0,"menu_order":2,"comment_status":"closed","ping_status":"closed","template":"","meta":{"footnotes":""},"class_list":["post-40","page","type-page","status-publish","hentry"],"_links":{"self":[{"href":"https:\/\/myslarozumne.sk\/index.php?rest_route=\/wp\/v2\/pages\/40","targetHints":{"allow":["GET"]}}],"collection":[{"href":"https:\/\/myslarozumne.sk\/index.php?rest_route=\/wp\/v2\/pages"}],"about":[{"href":"https:\/\/myslarozumne.sk\/index.php?rest_route=\/wp\/v2\/types\/page"}],"author":[{"embeddable":true,"href":"https:\/\/myslarozumne.sk\/index.php?rest_route=\/wp\/v2\/users\/1"}],"replies":[{"embeddable":true,"href":"https:\/\/myslarozumne.sk\/index.php?rest_route=%2Fwp%2Fv2%2Fcomments&post=40"}],"version-history":[{"count":16,"href":"https:\/\/myslarozumne.sk\/index.php?rest_route=\/wp\/v2\/pages\/40\/revisions"}],"predecessor-version":[{"id":174,"href":"https:\/\/myslarozumne.sk\/index.php?rest_route=\/wp\/v2\/pages\/40\/revisions\/174"}],"wp:attachment":[{"href":"https:\/\/myslarozumne.sk\/index.php?rest_route=%2Fwp%2Fv2%2Fmedia&parent=40"}],"curies":[{"name":"wp","href":"https:\/\/api.w.org\/{rel}","templated":true}]}}