{"id":2,"date":"2025-12-01T09:54:47","date_gmt":"2025-12-01T08:54:47","guid":{"rendered":"https:\/\/lepsiamysla.sk\/?page_id=2"},"modified":"2026-03-18T21:37:22","modified_gmt":"2026-03-18T20:37:22","slug":"ukazkova-stranka","status":"publish","type":"page","link":"https:\/\/myslarozumne.sk\/","title":{"rendered":"Vitajte"},"content":{"rendered":"\n<div class=\"wp-block-group is-nowrap is-layout-flex wp-container-core-group-is-layout-ad2f72ca wp-block-group-is-layout-flex\">\n<p>Moje meno je Mat\u00fa\u0161 Luk\u00e1\u010d a&nbsp;v&nbsp;komun\u00e1lnych vo\u013eb\u00e1ch budem kandidova\u0165 na starostu na\u0161ej obce ako nez\u00e1visl\u00fd kandid\u00e1t. V obci Ni\u017en\u00e1 My\u0161\u013ea \u017eijem 37 rokov a&nbsp;z\u00e1le\u017e\u00ed mi na tom, aby sa tu \u013eudom dobre \u017eilo dnes aj v&nbsp;bud\u00facnosti. Ver\u00edm, \u017ee obec sa m\u00e1 riadi\u0165 s&nbsp;rozumom, pokojom a&nbsp;re\u0161pektom k&nbsp;\u013eu\u010fom.<\/p>\n<\/div>\n\n\n\n<p class=\"has-text-align-center\"><strong>Srdcom pre \u013eud\u00ed, rozumom pre obec.<\/strong><\/p>\n\n\n<div class=\"wp-block-image is-style-rounded wp-duotone-unset-1\">\n<figure class=\"aligncenter size-large is-resized\"><img loading=\"lazy\" decoding=\"async\" width=\"768\" height=\"1024\" src=\"https:\/\/lepsiamysla.sk\/wp-content\/uploads\/2026\/03\/A91A3944-768x1024.jpg\" alt=\"\" class=\"wp-image-74\" style=\"aspect-ratio:0.7500000180506184;width:218px;height:auto\" srcset=\"https:\/\/myslarozumne.sk\/wp-content\/uploads\/2026\/03\/A91A3944-768x1024.jpg 768w, https:\/\/myslarozumne.sk\/wp-content\/uploads\/2026\/03\/A91A3944-225x300.jpg 225w, https:\/\/myslarozumne.sk\/wp-content\/uploads\/2026\/03\/A91A3944-1152x1536.jpg 1152w, https:\/\/myslarozumne.sk\/wp-content\/uploads\/2026\/03\/A91A3944-1536x2048.jpg 1536w, https:\/\/myslarozumne.sk\/wp-content\/uploads\/2026\/03\/A91A3944.jpg 1540w\" sizes=\"auto, (max-width: 768px) 100vw, 768px\" \/><\/figure>\n<\/div>","protected":false},"excerpt":{"rendered":"<p>Moje meno je Mat\u00fa\u0161 Luk\u00e1\u010d a&nbsp;v&nbsp;komun\u00e1lnych vo\u013eb\u00e1ch budem kandidova\u0165 na starostu na\u0161ej obce ako nez\u00e1visl\u00fd kandid\u00e1t. V obci Ni\u017en\u00e1 My\u0161\u013ea \u017eijem 37 rokov a&nbsp;z\u00e1le\u017e\u00ed mi na tom, aby sa tu \u013eudom dobre \u017eilo dnes aj v&nbsp;bud\u00facnosti. Ver\u00edm, \u017ee obec sa m\u00e1 riadi\u0165 s&nbsp;rozumom, pokojom a&nbsp;re\u0161pektom k&nbsp;\u013eu\u010fom. Srdcom pre \u013eud\u00ed, rozumom pre obec.<\/p>\n","protected":false},"author":1,"featured_media":0,"parent":0,"menu_order":1,"comment_status":"closed","ping_status":"closed","template":"","meta":{"footnotes":""},"class_list":["post-2","page","type-page","status-publish","hentry"],"_links":{"self":[{"href":"https:\/\/myslarozumne.sk\/index.php?rest_route=\/wp\/v2\/pages\/2","targetHints":{"allow":["GET"]}}],"collection":[{"href":"https:\/\/myslarozumne.sk\/index.php?rest_route=\/wp\/v2\/pages"}],"about":[{"href":"https:\/\/myslarozumne.sk\/index.php?rest_route=\/wp\/v2\/types\/page"}],"author":[{"embeddable":true,"href":"https:\/\/myslarozumne.sk\/index.php?rest_route=\/wp\/v2\/users\/1"}],"replies":[{"embeddable":true,"href":"https:\/\/myslarozumne.sk\/index.php?rest_route=%2Fwp%2Fv2%2Fcomments&post=2"}],"version-history":[{"count":6,"href":"https:\/\/myslarozumne.sk\/index.php?rest_route=\/wp\/v2\/pages\/2\/revisions"}],"predecessor-version":[{"id":78,"href":"https:\/\/myslarozumne.sk\/index.php?rest_route=\/wp\/v2\/pages\/2\/revisions\/78"}],"wp:attachment":[{"href":"https:\/\/myslarozumne.sk\/index.php?rest_route=%2Fwp%2Fv2%2Fmedia&parent=2"}],"curies":[{"name":"wp","href":"https:\/\/api.w.org\/{rel}","templated":true}]}}